{"id":892,"date":"2021-12-23T10:00:56","date_gmt":"2021-12-23T09:00:56","guid":{"rendered":"https:\/\/netrix.com.pl\/lsp\/?page_id=892"},"modified":"2021-12-23T10:00:56","modified_gmt":"2021-12-23T09:00:56","slug":"termin-naboru-biznesplanow-i-edycja","status":"publish","type":"page","link":"https:\/\/netrix.com.pl\/lsp\/termin-naboru-biznesplanow-i-edycja\/","title":{"rendered":"TERMIN NABORU BIZNESPLAN\u00d3W I EDYCJA"},"content":{"rendered":"\n<p>Szanowni Pa\u0144stwo,<\/p>\n\n\n\n<p>Informujemy, \u017ce <strong><u>termin naboru biznesplan\u00f3w dla Pa\u0144stwa rozpocznie si\u0119 w dniu 10.01.2022 r. od godziny 9.00 i potrwa do 18.01.2022 r. do godziny 15.00<\/u><\/strong>. <\/p>\n\n\n\n<p>W wyznaczonym terminie (w ci\u0105gu 7 dni roboczych) <u>ka\u017cdy z Pa\u0144stwa powinien z\u0142o\u017cy\u0107 w wersji papierowej 1 biznesplan wraz z wymaganymi za\u0142\u0105cznikami podpisany i zaparafowany, wersja zgodna ze wzorem udost\u0119pnionym przez Beneficjenta<\/u>. Dokumenty s\u0105 przyjmowane w <u>Biurze Projektu: ul. Zwi\u0105zkowej 26, 20-148 Lublin. Biuro jest czynne w dni robocze od poniedzia\u0142ku do pi\u0105tku od godziny 9.00 do godziny 15.00.<\/u><\/p>\n","protected":false},"excerpt":{"rendered":"<p>Szanowni Pa\u0144stwo, Informujemy, \u017ce termin naboru biznesplan\u00f3w dla Pa\u0144stwa rozpocznie si\u0119 w dniu 10.01.2022 r. od godziny 9.00 i potrwa do 18.01.2022 r. do godziny 15.00. W wyznaczonym terminie (w ci\u0105gu 7 dni roboczych) ka\u017cdy z Pa\u0144stwa powinien z\u0142o\u017cy\u0107 w wersji papierowej 1 biznesplan wraz z wymaganymi za\u0142\u0105cznikami podpisany i zaparafowany, wersja zgodna ze wzorem [&hellip;]<\/p>\n","protected":false},"author":4,"featured_media":0,"parent":0,"menu_order":0,"comment_status":"closed","ping_status":"closed","template":"","meta":[],"_links":{"self":[{"href":"https:\/\/netrix.com.pl\/lsp\/wp-json\/wp\/v2\/pages\/892"}],"collection":[{"href":"https:\/\/netrix.com.pl\/lsp\/wp-json\/wp\/v2\/pages"}],"about":[{"href":"https:\/\/netrix.com.pl\/lsp\/wp-json\/wp\/v2\/types\/page"}],"author":[{"embeddable":true,"href":"https:\/\/netrix.com.pl\/lsp\/wp-json\/wp\/v2\/users\/4"}],"replies":[{"embeddable":true,"href":"https:\/\/netrix.com.pl\/lsp\/wp-json\/wp\/v2\/comments?post=892"}],"version-history":[{"count":2,"href":"https:\/\/netrix.com.pl\/lsp\/wp-json\/wp\/v2\/pages\/892\/revisions"}],"predecessor-version":[{"id":894,"href":"https:\/\/netrix.com.pl\/lsp\/wp-json\/wp\/v2\/pages\/892\/revisions\/894"}],"wp:attachment":[{"href":"https:\/\/netrix.com.pl\/lsp\/wp-json\/wp\/v2\/media?parent=892"}],"curies":[{"name":"wp","href":"https:\/\/api.w.org\/{rel}","templated":true}]}}