{"id":374,"date":"2020-01-02T16:15:10","date_gmt":"2020-01-02T15:15:10","guid":{"rendered":"https:\/\/netrix.com.pl\/lsp\/?page_id=374"},"modified":"2021-09-17T10:44:42","modified_gmt":"2021-09-17T08:44:42","slug":"zapytania","status":"publish","type":"page","link":"https:\/\/netrix.com.pl\/lsp\/zapytania\/","title":{"rendered":"ZAPYTANIA"},"content":{"rendered":"\n<p>Obecnie nie s\u0105 prowadzone \u017cadne post\u0119powania w ramach projektu.<\/p>\n","protected":false},"excerpt":{"rendered":"<p>Obecnie nie s\u0105 prowadzone \u017cadne post\u0119powania w ramach projektu.<\/p>\n","protected":false},"author":1,"featured_media":0,"parent":0,"menu_order":0,"comment_status":"closed","ping_status":"closed","template":"","meta":[],"_links":{"self":[{"href":"https:\/\/netrix.com.pl\/lsp\/wp-json\/wp\/v2\/pages\/374"}],"collection":[{"href":"https:\/\/netrix.com.pl\/lsp\/wp-json\/wp\/v2\/pages"}],"about":[{"href":"https:\/\/netrix.com.pl\/lsp\/wp-json\/wp\/v2\/types\/page"}],"author":[{"embeddable":true,"href":"https:\/\/netrix.com.pl\/lsp\/wp-json\/wp\/v2\/users\/1"}],"replies":[{"embeddable":true,"href":"https:\/\/netrix.com.pl\/lsp\/wp-json\/wp\/v2\/comments?post=374"}],"version-history":[{"count":12,"href":"https:\/\/netrix.com.pl\/lsp\/wp-json\/wp\/v2\/pages\/374\/revisions"}],"predecessor-version":[{"id":826,"href":"https:\/\/netrix.com.pl\/lsp\/wp-json\/wp\/v2\/pages\/374\/revisions\/826"}],"wp:attachment":[{"href":"https:\/\/netrix.com.pl\/lsp\/wp-json\/wp\/v2\/media?parent=374"}],"curies":[{"name":"wp","href":"https:\/\/api.w.org\/{rel}","templated":true}]}}