{"id":37,"date":"2021-09-16T15:04:00","date_gmt":"2021-09-16T13:04:00","guid":{"rendered":"https:\/\/netrix.com.pl\/lsp\/?page_id=37"},"modified":"2021-09-17T09:02:08","modified_gmt":"2021-09-17T07:02:08","slug":"kontakt","status":"publish","type":"page","link":"https:\/\/netrix.com.pl\/lsp\/kontakt\/","title":{"rendered":"KONTAKT"},"content":{"rendered":"\n<div class=\"wp-block-columns has-2-columns\">\n<div class=\"wp-block-column\">\n<p><strong>Biuro projektu \u201eLubelska strefa przedsi\u0119biorczo\u015bci\u201d<\/strong><\/p>\n\n\n\n<p class=\"has-normal-font-size\">ul.Zwi\u0105zkowa 26, 20-148 Lublin <\/p>\n\n\n\n<p class=\"has-normal-font-size\"><strong>Szczeg\u00f3\u0142owe informacje i obs\u0142uga uczestnik\u00f3w pod nr tel: 733 899 866, 533 314 963<\/strong><\/p>\n\n\n\n<p><strong>E-mail:<\/strong> lsp@netrix.com.pl<\/p>\n\n\n\n<p class=\"has-normal-font-size\">Biuro projektu jest czynne w dni robocze od poniedzia\u0142ku do pi\u0105tku w godzinach od 9.00 do 15.00<\/p>\n\n\n\n<p><\/p>\n\n\n\n<p class=\"has-normal-font-size\"><strong>Lider: Netrix Group Sp. z o.o. <\/strong><\/p>\n\n\n\n<p>Siedziba: 20-148 Lublin, ul. Zwi\u0105zkowa 26<\/p>\n\n\n\n<p>KRS: 0000336026 NIP: 9462589606 REGON: 060528378<br><\/p>\n\n\n\n<p class=\"has-normal-font-size\"><\/p>\n\n\n\n<p><strong>Partner: Marsoft Marcin Rokoszewski  <\/strong><\/p>\n\n\n\n<p>Siedziba 20-207 Lublin, ul. Turystyczna 36 <\/p>\n\n\n\n<p>NIP: 9462304058 REGON: 060717694                           <\/p>\n\n\n\n<p><\/p>\n<\/div>\n\n\n\n<div class=\"wp-block-column\"><\/div>\n<\/div>\n\n\n\n<iframe loading=\"lazy\" src=\"https:\/\/www.google.com\/maps\/embed?pb=!1m18!1m12!1m3!1d2496.2661673208786!2d22.55848361605197!3d51.26941947959679!2m3!1f0!2f0!3f0!3m2!1i1024!2i768!4f13.1!3m3!1m2!1s0x47225755a869e403%3A0x82bb10ba5eac4909!2sZwi%C4%85zkowa+26%2C+20-148+Lublin!5e0!3m2!1spl!2spl!4v1554206067385!5m2!1spl!2spl\" style=\"border:0\" allowfullscreen=\"\" width=\"1500\" height=\"450\" frameborder=\"0\"><\/iframe>\n\n\n\n<div style=\"height:100px\" aria-hidden=\"true\" class=\"wp-block-spacer\"><\/div>\n","protected":false},"excerpt":{"rendered":"<p>Biuro projektu \u201eLubelska strefa przedsi\u0119biorczo\u015bci\u201d ul.Zwi\u0105zkowa 26, 20-148 Lublin Szczeg\u00f3\u0142owe informacje i obs\u0142uga uczestnik\u00f3w pod nr tel: 733 899 866, 533 314 963 E-mail: lsp@netrix.com.pl Biuro projektu jest czynne w dni robocze od poniedzia\u0142ku do pi\u0105tku w godzinach od 9.00 do 15.00 Lider: Netrix Group Sp. z o.o. Siedziba: 20-148 Lublin, ul. Zwi\u0105zkowa 26 KRS: [&hellip;]<\/p>\n","protected":false},"author":1,"featured_media":0,"parent":0,"menu_order":0,"comment_status":"closed","ping_status":"closed","template":"template-full-width.php","meta":[],"_links":{"self":[{"href":"https:\/\/netrix.com.pl\/lsp\/wp-json\/wp\/v2\/pages\/37"}],"collection":[{"href":"https:\/\/netrix.com.pl\/lsp\/wp-json\/wp\/v2\/pages"}],"about":[{"href":"https:\/\/netrix.com.pl\/lsp\/wp-json\/wp\/v2\/types\/page"}],"author":[{"embeddable":true,"href":"https:\/\/netrix.com.pl\/lsp\/wp-json\/wp\/v2\/users\/1"}],"replies":[{"embeddable":true,"href":"https:\/\/netrix.com.pl\/lsp\/wp-json\/wp\/v2\/comments?post=37"}],"version-history":[{"count":26,"href":"https:\/\/netrix.com.pl\/lsp\/wp-json\/wp\/v2\/pages\/37\/revisions"}],"predecessor-version":[{"id":806,"href":"https:\/\/netrix.com.pl\/lsp\/wp-json\/wp\/v2\/pages\/37\/revisions\/806"}],"wp:attachment":[{"href":"https:\/\/netrix.com.pl\/lsp\/wp-json\/wp\/v2\/media?parent=37"}],"curies":[{"name":"wp","href":"https:\/\/api.w.org\/{rel}","templated":true}]}}