{"id":35,"date":"2019-04-02T10:54:56","date_gmt":"2019-04-02T08:54:56","guid":{"rendered":"https:\/\/netrix.com.pl\/lsp\/?page_id=35"},"modified":"2021-09-17T10:39:37","modified_gmt":"2021-09-17T08:39:37","slug":"harmonogramy","status":"publish","type":"page","link":"https:\/\/netrix.com.pl\/lsp\/harmonogramy\/","title":{"rendered":"HARMONOGRAM DZIA\u0141A\u0143"},"content":{"rendered":"\n<p><strong>POSZCZEG\u00d3LNE ETAPY DZIA\u0141A\u0143 W PROJEKCIE PLANOWANE S\u0104 WED\u0141UG PONI\u017bSZEGO HARMONOGRAMU:<\/strong><\/p>\n\n\n\n<p><\/p>\n\n\n\n<p><strong> 1.REKRUTACJA &#8211; KWALIFIKACJA DO PROJEKTU<\/strong><\/p>\n\n\n\n<p>W pierwszej kolejno\u015bci b\u0119d\u0105 opracowane dokumenty rekrutacyjne, kt\u00f3re po zatwierdzeniu przez Instytucj\u0119 Zarz\u0105dzaj\u0105c\u0105 zostan\u0105 opublikowane dla Kandydat\u00f3w\/tek do projektu. Zostanie wyznaczony termin min. 5 dniowy na przyjmowanie dokument\u00f3w rekrutacyjnych, o czym ch\u0119tni zostan\u0105 poinformowani na 7 dni roboczych przed rozpocz\u0119ciem naboru. W zale\u017cno\u015bci od przebiegu rekrutacji nab\u00f3r mo\u017ce zosta\u0107 przed\u0142u\u017cony lub skr\u00f3cony, o czym Beneficjent poinformuje na stronie projektu. Po zako\u0144czeniu naboru rozpocznie si\u0119 ocena formalna i merytoryczna formularzy rekrutacyjnych. Nast\u0119pnie dla os\u00f3b, kt\u00f3re uko\u0144cz\u0105 ten etap pozytywnie odb\u0119dzie si\u0119 spotkanie z doradc\u0105 zawodowym. Po zako\u0144czeniu oceny zostan\u0105 opublikowane listy os\u00f3b zakwalifikowanych do projektu oraz lista os\u00f3b rezerwowych.<\/p>\n\n\n\n<p><strong>Rekrutacja b\u0119dzie prowadzona w 2 edycjach:<\/strong><\/p>\n\n\n\n<ul><li><strong>Planowany termin realizacji dla 1 edycji to:  IX &#8211; X 2021<\/strong> <\/li><\/ul>\n\n\n\n<ul><li><strong>Planowany termin realizacji dla 2 edycji to:  II &#8211; III 2022<\/strong><\/li><\/ul>\n\n\n\n<p><\/p>\n\n\n\n<p><strong>2. SZKOLENIA GRUPOWE I INDYWIDUALNE<\/strong><\/p>\n\n\n\n<p>Osoby zakwalifikowane do projektu rozpoczn\u0105 wsparcie szkoleniowe grupowe i indywidualne. Szkolenia grupowe b\u0119d\u0105 obejmowa\u0107 zagadnienia z zakresu przedsi\u0119biorczo\u015bci. Szkolenia indywidualne b\u0119d\u0105 skupia\u0107 si\u0119 w g\u0142\u00f3wnym zakresie na sporz\u0105dzaniu biznesplanu i jego realizacji.<\/p>\n\n\n\n<p><\/p>\n\n\n\n<p><strong>Zakres tematyczny szkole\u0144 grupowych:<\/strong><\/p>\n\n\n\n<ul><li>Dzia\u0142alno\u015b\u0107 gospodarcza w kontek\u015bcie przepis\u00f3w prawnych(10h);<\/li><li>Ksi\u0119gowo\u015b\u0107 oraz przepisy podatkowe i ZUS (10h);<\/li><li>Reklama i inne dzia\u0142ania promocyjne (4h);<\/li><li>Inne \u017ar\u00f3d\u0142a finansowania dzia\u0142alno\u015bci gospodarczej (4h);<\/li><li>Negocjacje biznesowe (4h);<\/li><li>Pozyskanie i obs\u0142uga klienta (4h);<\/li><li>Radzenie sobie ze stresem i konfliktem (4h);<\/li><\/ul>\n\n\n\n<p><\/p>\n\n\n\n<p><strong>Zakres tematyczny szkolenia indywidualnego:<\/strong><\/p>\n\n\n\n<ul><li>biznesplan \u2013 zasady pisania, w tym zawarto\u015b\u0107 merytoryczna poszczeg\u00f3lnych zakres\u00f3w, np. analiza marketingowa przedsi\u0119wzi\u0119cia, op\u0142acalno\u015b\u0107 i efektywno\u015b\u0107 ekonomiczna przedsi\u0119wzi\u0119cia. <\/li><\/ul>\n\n\n\n<p><\/p>\n\n\n\n<ul><li><strong>Planowany termin realizacji szkole\u0144 grupowych i indywidualnych dla 1 edycji to:  XI &#8211; XII 2021 <\/strong><\/li><\/ul>\n\n\n\n<ul><li><strong>Planowany termin realizacji szkole\u0144 grupowych i indywidualnych dla 2 edycji to:  IV &#8211; V 2022 <\/strong> <\/li><\/ul>\n\n\n\n<div class=\"wp-block-group\"><div class=\"wp-block-group__inner-container\">\n<div class=\"wp-block-columns\">\n<div class=\"wp-block-column\"><\/div>\n<\/div>\n<\/div><\/div>\n\n\n\n<p><strong>3. Z\u0141O\u017bENIE I OCENA BIZNESPLAN\u00d3W, WYB\u00d3R OS\u00d3B DO OTRZYMANIA DOTACJI<\/strong><\/p>\n\n\n\n<p>Po zako\u0144czeniu wsparcia szkoleniowego Uczestnicy\/czki projektu w wyznaczonym terminie sk\u0142adaj\u0105 biznesplany wraz z za\u0142\u0105cznikami. Nast\u0119pnie Komisja Oceny Biznesplan\u00f3w w wyznaczonym terminie b\u0119dzie ocenia\u0142a biznesplany i wy\u0142oni list\u0119 18 (1 edycja) i 27 (2 edycja) biznesplan\u00f3w, kt\u00f3re uzyska\u0142y najwy\u017csz\u0105 liczb\u0119 punkt\u00f3w i kt\u00f3re b\u0119d\u0105 rekomendowane do otrzymania dofinansowania. Po zako\u0144czeniu procedury odwo\u0142awczej powstanie ostateczna lista rankingowa os\u00f3b, kt\u00f3rym zostanie udzielone wsparcie finansowe.<\/p>\n\n\n\n<p><\/p>\n\n\n\n<ul><li><strong>Planowany termin naboru biznesplan\u00f3w dla 1 edycji to:  I-II 2022 <\/strong><\/li><\/ul>\n\n\n\n<ul><li><strong>Planowany termin <strong>naboru biznesplan\u00f3w dla 2 edycji to:  VI-VII 2022 <\/strong> <\/strong> <\/li><\/ul>\n\n\n\n<p><\/p>\n\n\n\n<p><strong>4. REJESTRACJA DZIA\u0141ALNO\u015aCI GOSPODARCZYCH, <strong>PODPISANIE UM\u00d3W O DOFINANSOWANIE<\/strong> I WYP\u0141ATA WSPARCIA FINANSOWEGO<\/strong><\/p>\n\n\n\n<p>Uczestnicy, kt\u00f3rzy zostali wybrani do otrzymania wsparcia zostan\u0105 poinformowani w jakim terminie nale\u017cy za\u0142o\u017cy\u0107 dzia\u0142alno\u015b\u0107 gospodarcz\u0105. Po rejestracji firmy Uczestnicy zostan\u0105 zaproszeni na podpisanie umowy o udzieleniu wsparcia finansowego i z\u0142o\u017c\u0105 zabezpieczenia do umowy. Po podpisaniu umowy i dostarczeniu wszystkich wymaganych dokument\u00f3w nast\u0105pi wyp\u0142ata dotacji. <\/p>\n\n\n\n<p><\/p>\n\n\n\n<ul><li><strong>Planowany termin realizacji dzia\u0142ania dla 1 edycji to:  II-III 2022 <\/strong><\/li><\/ul>\n\n\n\n<ul><li><strong>Planowany termin <strong>realizacji dzia\u0142ania dla 2 edycji to:  VII- VIII 2022 <\/strong> <\/strong> <\/li><\/ul>\n\n\n\n<p><\/p>\n\n\n\n<p> <strong>5. <strong>Z\u0141O\u017bENIE I OCENA WNIOSK\u00d3W O WSPARCIE POMOSTOWE, PODPISANIE UM\u00d3W O UDZIELENIE WSPARCIA POMOSTOWEGO<\/strong> I WYP\u0141ATA WSPARCIA POMOSTOWEGO<\/strong>.<\/p>\n\n\n\n<p>Po za\u0142o\u017ceniu dzia\u0142alno\u015bci gospodarczej i podpisaniu umowy o wsparcie finansowe (dotacji) Uczestnicy\/czki projektu w wyznaczonym terminie sk\u0142adaj\u0105 wnioski o przyznanie wsparcia pomostowego wraz z za\u0142\u0105cznikami. Nast\u0119pnie Komisja Oceny Biznesplan\u00f3w w wyznaczonym terminie b\u0119dzie ocenia\u0142a wnioski. Po zako\u0144czeniu procedury odwo\u0142awczej zostan\u0105 podpisane umowy o udzielenie wsparcia pomostowego i nast\u0105pi wyp\u0142ata 1 transzy wsparcia pomostowego. Kolejne raty wsparcia pomostowego w przyznanej przez komisj\u0119 wysoko\u015bci b\u0119d\u0105 wyp\u0142acane w cyklu miesi\u0119cznym po uprzednim rozliczeniu transzy poprzedniej. <\/p>\n\n\n\n<p><\/p>\n\n\n\n<ul><li><strong>Planowany termin realizacji dzia\u0142ania dla 1 edycji to:  III 2022 <\/strong><\/li><\/ul>\n\n\n\n<ul><li><strong>Planowany termin <strong>realizacji dzia\u0142ania dla 2 edycji to:  VIII 2022 <\/strong> <\/strong> <\/li><\/ul>\n\n\n\n<p><\/p>\n\n\n\n<p><strong>6. 12-MIESI\u0118CZNY<\/strong> <strong>MONITORING 45 NOWYCH FIRM <\/strong><\/p>\n\n\n\n<p>Po za\u0142o\u017ceniu dzia\u0142alno\u015bci wszyscy Uczestnicy\/czki projektu b\u0119d\u0105 podlega\u0107 monitoringowi prowadzonemu przez Beneficjenta, w tym odb\u0119dzie si\u0119 wizyta kontrolna w siedzibie przedsi\u0119biorstwa w celu potwierdzenia faktycznego funkcjonowania za\u0142o\u017conej dzia\u0142alno\u015bci gospodarczej. <\/p>\n\n\n\n<p><\/p>\n\n\n\n<ul><li><strong>Planowany termin realizacji dzia\u0142ania dla 1 edycji to:  II\/III 2022 &#8211; III 2023<\/strong><\/li><\/ul>\n\n\n\n<ul><li><strong>Planowany termin <strong>realizacji dzia\u0142ania dla 2 edycji to:<\/strong>  VII\/VIII 2022 &#8211; VII 2023<\/strong><\/li><\/ul>\n\n\n\n<p><\/p>\n","protected":false},"excerpt":{"rendered":"<p>POSZCZEG\u00d3LNE ETAPY DZIA\u0141A\u0143 W PROJEKCIE PLANOWANE S\u0104 WED\u0141UG PONI\u017bSZEGO HARMONOGRAMU: 1.REKRUTACJA &#8211; KWALIFIKACJA DO PROJEKTU W pierwszej kolejno\u015bci b\u0119d\u0105 opracowane dokumenty rekrutacyjne, kt\u00f3re po zatwierdzeniu przez Instytucj\u0119 Zarz\u0105dzaj\u0105c\u0105 zostan\u0105 opublikowane dla Kandydat\u00f3w\/tek do projektu. Zostanie wyznaczony termin min. 5 dniowy na przyjmowanie dokument\u00f3w rekrutacyjnych, o czym ch\u0119tni zostan\u0105 poinformowani na 7 dni roboczych przed rozpocz\u0119ciem [&hellip;]<\/p>\n","protected":false},"author":1,"featured_media":0,"parent":0,"menu_order":0,"comment_status":"closed","ping_status":"closed","template":"","meta":[],"_links":{"self":[{"href":"https:\/\/netrix.com.pl\/lsp\/wp-json\/wp\/v2\/pages\/35"}],"collection":[{"href":"https:\/\/netrix.com.pl\/lsp\/wp-json\/wp\/v2\/pages"}],"about":[{"href":"https:\/\/netrix.com.pl\/lsp\/wp-json\/wp\/v2\/types\/page"}],"author":[{"embeddable":true,"href":"https:\/\/netrix.com.pl\/lsp\/wp-json\/wp\/v2\/users\/1"}],"replies":[{"embeddable":true,"href":"https:\/\/netrix.com.pl\/lsp\/wp-json\/wp\/v2\/comments?post=35"}],"version-history":[{"count":13,"href":"https:\/\/netrix.com.pl\/lsp\/wp-json\/wp\/v2\/pages\/35\/revisions"}],"predecessor-version":[{"id":822,"href":"https:\/\/netrix.com.pl\/lsp\/wp-json\/wp\/v2\/pages\/35\/revisions\/822"}],"wp:attachment":[{"href":"https:\/\/netrix.com.pl\/lsp\/wp-json\/wp\/v2\/media?parent=35"}],"curies":[{"name":"wp","href":"https:\/\/api.w.org\/{rel}","templated":true}]}}