{"id":33,"date":"2019-10-28T16:03:43","date_gmt":"2019-10-28T15:03:43","guid":{"rendered":"https:\/\/netrix.com.pl\/lsp\/?page_id=33"},"modified":"2022-01-25T14:27:05","modified_gmt":"2022-01-25T13:27:05","slug":"dokumenty-rekrutacyjne","status":"publish","type":"page","link":"https:\/\/netrix.com.pl\/lsp\/dokumenty-rekrutacyjne\/","title":{"rendered":"DOKUMENTY DO POBRANIA"},"content":{"rendered":"\n<p><strong>I CZ\u0118\u015a\u0106 DOKUMENT\u00d3W  &#8211; REKRUTACJA &#8211; KWALIFIKACJA DO PROJEKTU:<\/strong><\/p>\n\n\n\n<p><strong>NOWY <a href=\"https:\/\/netrix.com.pl\/lsp\/wp-content\/uploads\/2022\/01\/Regulamin-rekrutacji-3-wersja-z-11.01.2022-podpisany.pdf\">Regulamin rekrutacji<\/a><\/strong> &#8211; obowi\u0105zuje od 24.01.2022<\/p>\n\n\n\n<p><strong>NOWY<\/strong> <strong><a href=\"https:\/\/netrix.com.pl\/lsp\/wp-content\/uploads\/2022\/01\/zal-nr-1-Formularz-rekrutacyjny-2-wersja-z-11.01.2022.docx\">Formularz rekrutacyjny (plik do edycji) <\/a> \/  <a href=\"https:\/\/netrix.com.pl\/lsp\/wp-content\/uploads\/2022\/01\/zal-nr-1-Formularz-rekrutacyjny-2-wersja-z-11.01.2022.pdf\">Formularz rekrutacyjny (plik pdf)<\/a><\/strong> &#8211; obowi\u0105zuje od 24.01.2022 <\/p>\n\n\n\n<p><a href=\"https:\/\/netrix.com.pl\/lsp\/wp-content\/uploads\/2021\/10\/zal-nr-2-Karta-weryfikacji-formalnej-1-wersja-z-15.09.2021.pdf\">Karta weryfikacji formalnej<\/a><\/p>\n\n\n\n<p><a href=\"https:\/\/netrix.com.pl\/lsp\/wp-content\/uploads\/2021\/10\/zal-nr-3-Karta-oceny-merytorycznej-1-wersja-z-15.09.2021.pdf\">Karta oceny merytorycznej<\/a><\/p>\n\n\n\n<p><a href=\"https:\/\/netrix.com.pl\/lsp\/wp-content\/uploads\/2021\/10\/zal-nr-4-Karta-predyspozycji-j-1-wersja-z-15.09.2021.pdf\">Karta predyspozycji<\/a><\/p>\n\n\n\n<p><a href=\"https:\/\/netrix.com.pl\/lsp\/wp-content\/uploads\/2021\/10\/Zal-nr-5-Sektory-wykluczone-1-wersja-z-15.09.2021.pdf\">Sektory wykluczone<\/a><\/p>\n\n\n\n<p><a href=\"https:\/\/netrix.com.pl\/lsp\/wp-content\/uploads\/2021\/10\/Zal-nr-6-Umowa-o-wsparcie-szkoleniowe-2-wersja-z-24.09.2021.pdf\">Umowa o wsparcie szkoleniowe<\/a><\/p>\n\n\n\n<p><strong><a href=\"https:\/\/netrix.com.pl\/lsp\/wp-content\/uploads\/2022\/01\/zal-nr-7-Oswiadczenie-1-wersja-z-11.01.2022.pdf\">NOWE O\u015bwiadczenie uczestnika<\/a><\/strong> &#8211; obowi\u0105zuje od 24.01.2022 <\/p>\n\n\n\n<p><\/p>\n\n\n\n<p><strong>II CZ\u0118\u015a\u0106 DOKUMENT\u00d3W &#8211; SK\u0141ADANIE I OCENA BIZNESPLAN\u00d3W:<\/strong><\/p>\n\n\n\n<p><a href=\"https:\/\/netrix.com.pl\/lsp\/wp-content\/uploads\/2021\/10\/Regulamin-przyznawania-wsparcia-3-wersja-z-04.10.2021-podpisany.pdf\"><strong>Regulamin przyznawania wsparcia<\/strong><\/a><\/p>\n\n\n\n<p><strong><a href=\"https:\/\/netrix.com.pl\/lsp\/wp-content\/uploads\/2021\/10\/zal-nr-1-Wzor-biznesplanu-1-wersja-z-15.09.2021.docx\">Wz\u00f3r biznesplanu (plik do edycji)<\/a>  \/  <a href=\"https:\/\/netrix.com.pl\/lsp\/wp-content\/uploads\/2021\/10\/zal-nr-1-Wzor-biznesplanu-1-wersja-z-15.09.2021.pdf\">Wz\u00f3r biznesplanu (plik pdf)<\/a><\/strong><\/p>\n\n\n\n<p><strong><a href=\"https:\/\/netrix.com.pl\/lsp\/wp-content\/uploads\/2021\/10\/Szczegolowe-zestawienie-wydatkow-do-biznesplanu.docx\">Szczeg\u00f3\u0142owe zestawienie wydatk\u00f3w do biznesplanu (plik do edycji)<\/a><\/strong> \/ <a href=\"https:\/\/netrix.com.pl\/lsp\/wp-content\/uploads\/2021\/10\/Szczegolowe-zestawienie-wydatkow-do-biznesplanu.pdf\"><strong>Szczeg\u00f3\u0142owe zestawienie wydatk\u00f3w do biznesplanu (plik pdf)<\/strong>  <\/a><\/p>\n\n\n\n<p><a href=\"https:\/\/netrix.com.pl\/lsp\/wp-content\/uploads\/2021\/10\/zal-nr-7-Oswiadczenie-o-otrzymanej-pomocy-de-minimis-1-wersja-z-15.09.2021.docx\">O\u015bwiadczenie o otrzymanej pomocy de minimis (plik do edycji)<\/a>  \/  <a href=\"https:\/\/netrix.com.pl\/lsp\/wp-content\/uploads\/2021\/10\/zal-nr-7-Oswiadczenie-o-otrzymanej-pomocy-de-minimis-1-wersja-z-15.09.2021.pdf\">O\u015bwiadczenie o otrzymanej pomocy de minimis 1 (plik pdf)<\/a> <\/p>\n\n\n\n<p><a href=\"https:\/\/netrix.com.pl\/lsp\/wp-content\/uploads\/2021\/10\/zal-nr-8-Oswiadczenie-o-nieotrzymaniu-pomocy-de-minimis-1-wersja-z-15.09.2021.pdf\">O\u015bwiadczenie o nieotrzymaniu pomocy de minimis<\/a> <\/p>\n\n\n\n<p><a href=\"https:\/\/netrix.com.pl\/lsp\/wp-content\/uploads\/2021\/10\/Zal-nr-9-Formularz-pomocy-de-minimis-1-wersja-z-15.09.2021.pdf\">Formularz pomocy de minimis<\/a> <\/p>\n\n\n\n<p><a href=\"https:\/\/netrix.com.pl\/lsp\/wp-content\/uploads\/2021\/10\/zal-nr-11-Oswiadczenie-o-niekorzystaniu-1-wersja-z-15.09.2021.pdf\">O\u015bwiadczenie o niekorzystaniu r\u00f3wnolegle z dw\u00f3ch r\u00f3\u017cnych \u017ar\u00f3de<\/a><a href=\"http:\/\/za\u0142 nr 11 O\u015bwiadczenie o niekorzystaniu 1 wersja z 15.09.2021\">\u0142<\/a> <\/p>\n\n\n\n<p><a href=\"https:\/\/netrix.com.pl\/lsp\/wp-content\/uploads\/2021\/10\/zal-nr-2-Karta-oceny-biznesplanu-1-wersja-z-15.09.2021.pdf\">Karta oceny biznesplanu<\/a><\/p>\n\n\n\n<p><a href=\"https:\/\/netrix.com.pl\/lsp\/wp-content\/uploads\/2022\/01\/Standardy-oceny-biznesplanu.pdf\">Standardy oceny biznesplanu<\/a><\/p>\n\n\n\n<p><\/p>\n\n\n\n<p><strong>III CZ\u0118\u015a\u0106 DOKUMENT\u00d3W &#8211; PODPISYWANIE UM\u00d3W O UDZIELENIU WSPARCIA FINANSOWEGO:<\/strong><\/p>\n\n\n\n<p><a href=\"https:\/\/netrix.com.pl\/lsp\/wp-content\/uploads\/2021\/10\/zal-nr-5-Umowa-o-udzielenie-wsparcia-finansowego-1-wersja-z-15.09.2021.pdf\">Umowa o udzielenie wsparcia finansowego<\/a><\/p>\n\n\n\n<p><\/p>\n\n\n\n<p><strong><strong>IV CZ\u0118\u015a\u0106 DOKUMENT\u00d3W &#8211; SK\u0141ADANIE I OCENA WNIOSK\u00d3W O PRZYZNANIE WSPARCIA POMOSTOWEGO:<\/strong> <\/strong><\/p>\n\n\n\n<p><strong><a href=\"https:\/\/netrix.com.pl\/lsp\/wp-content\/uploads\/2021\/10\/zal-nr-3-Wniosek-o-przyznanie-pomostowego-wsparcia-1-wersja-z-15.09.2021.docx\">Wniosek o przyznanie pomostowego wsparcia (plik do edycji)<\/a>   \/  <a href=\"https:\/\/netrix.com.pl\/lsp\/wp-content\/uploads\/2021\/10\/zal-nr-3-Wniosek-o-przyznanie-pomostowego-wsparcia-1-wersja-z-15.09.2021.pdf\">Wniosek o przyznanie pomostowego wsparcia (plik pdf)<\/a><\/strong><\/p>\n\n\n\n<p><strong><a href=\"https:\/\/netrix.com.pl\/lsp\/wp-content\/uploads\/2021\/10\/Zal-nr-10-Zestawienie-wydatkow-ze-wsparcia-1-wersja-z-15.09.2021.xlsx\">Zestawienie wydatk\u00f3w ze wsparcia pomostowego (plik do edycji)<\/a> \/   <a href=\"https:\/\/netrix.com.pl\/lsp\/wp-content\/uploads\/2021\/10\/Zal-nr-10-Zestawienie-wydatkow-ze-wsparcia-1-wersja-z-15.09.2021.pdf\">Zestawienie wydatk\u00f3w ze wsparcia pomostowego (plik pdf)<\/a><\/strong><\/p>\n\n\n\n<p><a href=\"https:\/\/netrix.com.pl\/lsp\/wp-content\/uploads\/2021\/10\/zal-nr-7-Oswiadczenie-o-otrzymanej-pomocy-de-minimis-1-wersja-z-15.09.2021.docx\">O\u015bwiadczenie o otrzymanej pomocy de minimis (plik do edycji)<\/a>  \/  <a href=\"https:\/\/netrix.com.pl\/lsp\/wp-content\/uploads\/2021\/10\/zal-nr-7-Oswiadczenie-o-otrzymanej-pomocy-de-minimis-1-wersja-z-15.09.2021.pdf\">O\u015bwiadczenie o otrzymanej pomocy de minimis 1 (plik pdf)<\/a><\/p>\n\n\n\n<p><a href=\"https:\/\/netrix.com.pl\/lsp\/wp-content\/uploads\/2021\/10\/zal-nr-8-Oswiadczenie-o-nieotrzymaniu-pomocy-de-minimis-1-wersja-z-15.09.2021.pdf\">O\u015bwiadczenie o nieotrzymaniu pomocy de minimis<\/a><\/p>\n\n\n\n<p><a href=\"https:\/\/netrix.com.pl\/lsp\/wp-content\/uploads\/2021\/10\/Zal-nr-9-Formularz-pomocy-de-minimis-1-wersja-z-15.09.2021.pdf\">Formularz pomocy de minimis<\/a><\/p>\n\n\n\n<p><a href=\"http:\/\/za\u0142 nr 11 O\u015bwiadczenie o niekorzystaniu 1 wersja z 15.09.2021\">O\u015bwiadczenie o niekorzystaniu r\u00f3wnolegle z dw\u00f3ch r\u00f3\u017cnych \u017ar\u00f3de\u0142<\/a><\/p>\n\n\n\n<p><a href=\"https:\/\/netrix.com.pl\/lsp\/wp-content\/uploads\/2021\/10\/zal-nr-4-Karta-weryfikacji-formalnej-i-merytorycznej-wniosku-o-przyznanie-wsparcia-pomostowego-1-wersja-z-15.09.2021.pdf\">Karta weryfikacji formalnej i merytorycznej wniosku o przyznanie wsparcia pomostowego<\/a><\/p>\n\n\n\n<p><\/p>\n\n\n\n<p><strong><strong>V CZ\u0118\u015a\u0106 DOKUMENT\u00d3W &#8211; <strong>PODPISYWANIE UM\u00d3W O UDZIELENIU WSPARCIA POMOSTOWEGO:<\/strong> <\/strong> <\/strong> <\/p>\n\n\n\n<p><a href=\"https:\/\/netrix.com.pl\/lsp\/wp-content\/uploads\/2021\/10\/zal-nr-6-Umowa-o-pomostowe-wsparcie-finansowe-1-wersja-z-15.09.2021.pdf\">Umowa o pomostowe wsparcie finansowe<\/a><\/p>\n","protected":false},"excerpt":{"rendered":"<p>I CZ\u0118\u015a\u0106 DOKUMENT\u00d3W &#8211; REKRUTACJA &#8211; KWALIFIKACJA DO PROJEKTU: NOWY Regulamin rekrutacji &#8211; obowi\u0105zuje od 24.01.2022 NOWY Formularz rekrutacyjny (plik do edycji) \/ Formularz rekrutacyjny (plik pdf) &#8211; obowi\u0105zuje od 24.01.2022 Karta weryfikacji formalnej Karta oceny merytorycznej Karta predyspozycji Sektory wykluczone Umowa o wsparcie szkoleniowe NOWE O\u015bwiadczenie uczestnika &#8211; obowi\u0105zuje od 24.01.2022 II CZ\u0118\u015a\u0106 DOKUMENT\u00d3W [&hellip;]<\/p>\n","protected":false},"author":1,"featured_media":0,"parent":0,"menu_order":0,"comment_status":"closed","ping_status":"closed","template":"","meta":[],"_links":{"self":[{"href":"https:\/\/netrix.com.pl\/lsp\/wp-json\/wp\/v2\/pages\/33"}],"collection":[{"href":"https:\/\/netrix.com.pl\/lsp\/wp-json\/wp\/v2\/pages"}],"about":[{"href":"https:\/\/netrix.com.pl\/lsp\/wp-json\/wp\/v2\/types\/page"}],"author":[{"embeddable":true,"href":"https:\/\/netrix.com.pl\/lsp\/wp-json\/wp\/v2\/users\/1"}],"replies":[{"embeddable":true,"href":"https:\/\/netrix.com.pl\/lsp\/wp-json\/wp\/v2\/comments?post=33"}],"version-history":[{"count":23,"href":"https:\/\/netrix.com.pl\/lsp\/wp-json\/wp\/v2\/pages\/33\/revisions"}],"predecessor-version":[{"id":905,"href":"https:\/\/netrix.com.pl\/lsp\/wp-json\/wp\/v2\/pages\/33\/revisions\/905"}],"wp:attachment":[{"href":"https:\/\/netrix.com.pl\/lsp\/wp-json\/wp\/v2\/media?parent=33"}],"curies":[{"name":"wp","href":"https:\/\/api.w.org\/{rel}","templated":true}]}}