{"id":31,"date":"2019-04-02T10:53:56","date_gmt":"2019-04-02T08:53:56","guid":{"rendered":"https:\/\/netrix.com.pl\/lsp\/?page_id=31"},"modified":"2022-04-18T21:49:54","modified_gmt":"2022-04-18T19:49:54","slug":"o-projekcie","status":"publish","type":"page","link":"https:\/\/netrix.com.pl\/lsp\/","title":{"rendered":"O PROJEKCIE"},"content":{"rendered":"\n<figure class=\"wp-block-image\"><img src=\"https:\/\/proesa.pl\/wp-content\/uploads\/znaki_strona_www-300x100.png\" alt=\"\" class=\"wp-image-699\"\/><\/figure>\n\n\n\n<p><\/p>\n\n\n\n<h2 class=\"has-medium-font-size\">Projekt pt.: \u201eLubelska strefa przedsi\u0119biorczo\u015bci\u201d, nr projektu: RPLU.09.03.00-06-0043\/21 wsp\u00f3\u0142finansowanyze \u015brodk\u00f3w Europejskiego Funduszu Spo\u0142ecznego, realizowany przez NETRIX GROUP Sp. z o.o. w partnerstwie z Marcin Rokoszewski MARSOFT na podstawie Umowy nr 256\/RPLU.09.03.00-06-0043\/21-00 zawartej z Instytucj\u0105 Zarz\u0105dzaj\u0105c\u0105 w ramach Regionalnego Programu Operacyjnego Wojew\u00f3dztwa Lubelskiego na lata 2014-2020.<\/h2>\n\n\n\n<div class=\"wp-block-cover has-very-dark-gray-background-color has-background-dim aligncenter\"><img loading=\"lazy\" width=\"1000\" height=\"667\" class=\"wp-block-cover__image-background wp-image-68\" alt=\"\" src=\"https:\/\/netrix.com.pl\/lsp\/wp-content\/uploads\/2019\/04\/mt-image-intuicyjny.jpg\" data-object-fit=\"cover\" srcset=\"https:\/\/netrix.com.pl\/lsp\/wp-content\/uploads\/2019\/04\/mt-image-intuicyjny.jpg 1000w, https:\/\/netrix.com.pl\/lsp\/wp-content\/uploads\/2019\/04\/mt-image-intuicyjny-300x200.jpg 300w, https:\/\/netrix.com.pl\/lsp\/wp-content\/uploads\/2019\/04\/mt-image-intuicyjny-768x512.jpg 768w\" sizes=\"(max-width: 1000px) 100vw, 1000px\" \/><div class=\"wp-block-cover__inner-container\">\n<p class=\"has-text-align-center\" style=\"font-size:24px\"> <br> <br><strong>Projekt jest realizowany<\/strong> w okresie 01.09.2021 &#8211; 31.07.2023<br>   <\/p>\n<\/div><\/div>\n\n\n\n<p><\/p>\n\n\n\n<h3>Cel projektu<\/h3>\n\n\n\n<h2 class=\"has-normal-font-size\"><\/h2>\n\n\n\n<p><strong>Celem g\u0142\u00f3wnym projektu jest rozw\u00f3j przedsi\u0119biorczo\u015bci i samozatrudnienia oraz zwi\u0119kszona aktywno\u015b\u0107 zawodowa w\u015br\u00f3d 50 os\u00f3b fizycznych (30 kobiet, 20 m\u0119\u017cczyzn) w wieku 30 lat i wi\u0119cej z&nbsp;terenu wojew\u00f3dztwa lubelskiego, os\u00f3b kt\u00f3re s\u0105 w szczeg\u00f3lnie trudnej sytuacji na rynku pracy, poprzez udzia\u0142 w kompleksowym wsparciu w ramach projektu, tj. wsparciu szkoleniowym (indywidualnym i grupowym), wsparciu w postaci przyznania dotacji na rozpocz\u0119cie dzia\u0142alno\u015bci gospodarczej oraz przyznaniu wsparcia pomostowego w postaci pomocy finansowej, prowadz\u0105cym do zarejestrowania i prowadzenia nowych dzia\u0142alno\u015bci gospodarczych przez minimalny okres 12 miesi\u0119cy przez 45 os\u00f3b do 31.07.2023 r.<\/strong><\/p>\n\n\n\n<p><\/p>\n\n\n\n<h3>Wsparcie w ramach projektu &#8211; CO OTRZYMAJ\u0104 UCZESTNICY<\/h3>\n\n\n\n<p><\/p>\n\n\n\n<p><strong>Wsparcie oferowane w ramach projektu obejmuje poni\u017csze formy:<\/strong><\/p>\n\n\n\n<p>1.<strong>Wsparcie szkoleniowe realizowane przed rozpocz\u0119ciem dzia\u0142alno\u015bci gospodarczej dla 50 Uczestnik\u00f3w\/-czek projektu umo\u017cliwiaj\u0105ce uzyskanie wiedzy i umiej\u0119tno\u015bci niezb\u0119dnych do podj\u0119cia i prowadzenia dzia\u0142alno\u015bci gospodarczej:<\/strong><\/p>\n\n\n\n<ul><li>szkolenia grupowe w wymiarze maksymalnie 40 godzin dydaktycznych na grup\u0119 10-osobow\u0105 (1 godzina dydaktyczna = 45 minut) Planowane jest utworzenie 5 grup. Ostateczna liczba godzin szkolenia b\u0119dzie uzale\u017cniona od indywidualnych potrzeb Uczestnik\u00f3w\/czek okre\u015blonych podczas rozmowy z Doradc\u0105 zawodowym na etapie rekrutacji do udzia\u0142u w projekcie. Szkolenia grupowe maj\u0105 na celu przygotowanie merytoryczne Uczestnik\u00f3w\/czek do podj\u0119cia i&nbsp;prowadzenia dzia\u0142alno\u015bci gospodarczej. Wymagana jest minimum 80% frekwencja na szkoleniu grupowym zgodnie z ustalonym harmonogramem. Potwierdzeniem udzia\u0142u w&nbsp;przedmiotowym wsparciu s\u0105 listy obecno\u015bci.&nbsp;<\/li><\/ul>\n\n\n\n<p><\/p>\n\n\n\n<p>Metodologia zaj\u0119\u0107: wyk\u0142ad, w tym prezentacja (20%), warsztaty\/\u0107wiczenia (praca w grupach, dyskusje, praca indywidualna analiza przypadku (80%).<\/p>\n\n\n\n<p><\/p>\n\n\n\n<ul><li>szkolenia indywidualne w wymiarze maksymalnie 6 godzin zegarowych na osob\u0119: 3 spotkania po 2 godziny zegarowe (1 godzina zegarowa = 60 minut). Szkolenia indywidualne maj\u0105 na celu wsparcie merytoryczne Uczestnik\u00f3w\/czek projektu w procesie tworzenia biznesplan\u00f3w. Wymagana jest 100% frekwencja na szkoleniu indywidualnym. Potwierdzeniem udzia\u0142u w&nbsp;przedmiotowym wsparciu s\u0105 listy obecno\u015bci.<\/li><\/ul>\n\n\n\n<p><\/p>\n\n\n\n<p>Szkolenia grupowe i indywidualne zako\u0144cz\u0105 si\u0119 egzaminem\/testem badaj\u0105cym poziom nabytej wiedzy i b\u0119d\u0105 prowadzi\u0142y do nabycia kompetencji. Uczestnicy\/-czki otrzymaj\u0105 za\u015bwiadczenie o uko\u0144czeniu szkolenia grupowego\/indywidualnego potwierdzaj\u0105ce nabyte kompetencje.<\/p>\n\n\n\n<p>Wymagana frekwencja w szkoleniu grupowym i indywidualnym jest warunkiem mo\u017cliwo\u015bci ubiegania si\u0119 o wsparcie finansowe.<\/p>\n\n\n\n<p><\/p>\n\n\n\n<p><strong>2. Wsparcie finansowe na za\u0142o\u017cenie w\u0142asnej dzia\u0142alno\u015bci gospodarczej dla 45 Uczestnik\u00f3w\/-czek projektu.<\/strong><\/p>\n\n\n\n<p>Wsparcie na rozpocz\u0119cie dzia\u0142alno\u015bci gospodarczej jest przyznawane jako bezzwrotne w formie stawki jednostkowej na samozatrudnienie w wysoko\u015bci 23 050,00 PLN. Warunkiem otrzymania jest uko\u0144czenie wsparcia szkoleniowego, pozytywna ocena biznesplanu, zarejestrowanie dzia\u0142alno\u015bci gospodarczej na terenie wojew\u00f3dztwa lubelskiego, podpisanie Umowy o udzieleniu wsparcia finansowego i z\u0142o\u017cenie stosownego zabezpieczenia do ww. umowy. Szczeg\u00f3\u0142owe zasady przyznawania wsparcia s\u0105 zawarte w&nbsp;Regulaminie przyznawania \u015brodk\u00f3w finansowych na za\u0142o\u017cenie dzia\u0142alno\u015bci gospodarczej oraz wsparcia pomostowego.<\/p>\n\n\n\n<p><strong>3. Fakultatywne wsparcie pomostowe finansowe udzielane dla 45 Uczestnik\u00f3w\/-czek projektu.<\/strong><\/p>\n\n\n\n<p>Warunkiem ubiegania si\u0119 o wsparcie jest podpisanie Umowy o udzielenie wsparcia finansowego.&nbsp; Wsparcie udzielane w postaci miesi\u0119cznych transz na pokrycie wydatk\u00f3w koniecznych do poniesienia w pierwszym okresie prowadzenia dzia\u0142alno\u015bci gospodarczej. S\u0105 to kwoty netto w&nbsp;wysoko\u015bci nie wi\u0119kszej ni\u017c r\u00f3wnowarto\u015b\u0107 minimalnego wynagrodzenia za prac\u0119<strong>,<\/strong> obowi\u0105zuj\u0105cego na dzie\u0144 przyznania wsparcia bezzwrotnego przez okres od 6 do 12 miesi\u0119cy od dnia rozpocz\u0119cia prowadzenia dzia\u0142alno\u015bci gospodarczej. Wsparcie udzielane na podstawie oceny formalnej i&nbsp;merytorycznej Wniosk\u00f3w o udzielenie pomostowego wsparcia finansowego. Oceny dokonuje 2 niezale\u017cnych ekspert\u00f3w analogicznie do oceny biznesplan\u00f3w. Szczeg\u00f3\u0142owe zasady przyznawania wsparcia s\u0105 zawarte w Regulaminie przyznawania \u015brodk\u00f3w finansowych na za\u0142o\u017cenie dzia\u0142alno\u015bci gospodarczej oraz wsparcia pomostowego. Maksymalna warto\u015b\u0107 wsparcia pomostowego przewidziana wnioskiem o dofinansowanie wynosi 2&nbsp;800,00 PLN miesi\u0119cznie. \u0141\u0105czna warto\u015b\u0107 wsparcia pomostowego przewidziana wnioskiem o dofinansowanie wynosi 33&nbsp;600,00 PLN na jednego Uczestnika projektu.<\/p>\n\n\n\n<p><\/p>\n\n\n\n<h3>Grupa docelowa &#8211; DO KOGO PROJEKT JEST SKIEROWANY<strong> <\/strong><\/h3>\n\n\n\n<p>Uczestnikami projektu b\u0119dzie 50 os\u00f3b, kt\u00f3re spe\u0142niaj\u0105 kryteria grupy docelowej zawarte w Regulaminie konkursu, tj.: <strong>s\u0105 to osoby fizyczne w wieku 30 lat i wi\u0119cej z terenu woj. lubelskiego<\/strong> (w rozumieniu przepis\u00f3w Kodeksu Cywilnego), <strong>zamierzaj\u0105ce rozpocz\u0105\u0107 prowadzenie dzia\u0142alno\u015bci gospodarczej <\/strong>(z wy\u0142\u0105czeniem os\u00f3b zarejestrowanych jako przedsi\u0119biorcy w Krajowym Rejestrze S\u0105dowym, Centralnej Ewidencji i Informacji o Dzia\u0142alno\u015bci Gospodarczej lub prowadz\u0105cych dzia\u0142alno\u015b\u0107 na podstawie odr\u0119bnych przepis\u00f3w (w tym m.in. dzia\u0142alno\u015b\u0107 adwokack\u0105, komornicz\u0105 lub o\u015bwiatow\u0105) w okresie 12 miesi\u0119cy poprzedzaj\u0105cych dzie\u0144 przyst\u0105pienia do projektu), <strong>kt\u00f3re spe\u0142niaj\u0105 nast\u0119puj\u0105ce kryteria (osoba musi nale\u017ce\u0107 do przynajmniej jednej grupy wymienionej poni\u017cej w pkt a-g):<\/strong><br><strong>a) osoby bezrobotne<\/strong> (w tym zarejestrowane w urz\u0119dzie pracy jako bezrobotne), bierne zawodowo, zw\u0142aszcza te, kt\u00f3re znajduj\u0105 si\u0119 w szczeg\u00f3lnie trudnej sytuacji na rynku pracy, tj.:<br>aa) osoby starsze (w wieku 50 lat i wi\u0119cej),<br>bb) kobiety,<br>cc) osoby z niepe\u0142nosprawno\u015bciami,<br>dd) osoby d\u0142ugotrwale bezrobotne,<br>ee) osoby o niskich kwalifikacjach,<br>Osoby z ww. grup od lit. aa) do lit. ee) b\u0119d\u0105 stanowi\u0142y co najmniej 60% wszystkich uczestnik\u00f3w.<br><strong>b) bezrobotni m\u0119\u017cczy\u017ani w wieku 30 \u2013 49<\/strong> lat pod warunkiem, \u017ce nie b\u0119d\u0105 oni stanowili wi\u0119cej ni\u017c 20% og\u00f3\u0142u bezrobotnych obj\u0119tych wsparciem, oraz nie nale\u017c\u0105 do kategorii wskazanych w pkt a) (osoby z niepe\u0142nosprawno\u015bciami, osoby d\u0142ugotrwale bezrobotne, osoby o niskich kwalifikacjach) oraz w pkt c), pkt d) i pkt e).<br><strong>c) imigranci (w tym osoby polskiego pochodzenia),<br>d) reemigranci<\/strong>,<br><strong>e) osoby odchodz\u0105ce z rolnictwa i ich rodziny ,<br>f) osoby ubogie pracuj\u0105ce ,<br>g) osoby zatrudnione na umowach kr\u00f3tkoterminowych oraz pracuj\u0105ce w ramach um\u00f3w cywilnoprawnych<\/strong>, kt\u00f3rych miesi\u0119czne zarobki nie przekraczaj\u0105 120% wysoko\u015bci minimalnego wynagrodzenia w miesi\u0105cu poprzedzaj\u0105cym dzie\u0144 przyst\u0105pienia do projektu.<br>Osoby wskazane w pkt c) \u2013 g) nie mog\u0105 stanowi\u0107 wi\u0119cej ni\u017c 40% uczestnik\u00f3w projektu. W ramach kategorii os\u00f3b wskazanych w lit. c) \u2013 g) \u0142\u0105czna liczba os\u00f3b pracuj\u0105cych nie mo\u017ce stanowi\u0107 wi\u0119cej ni\u017c 10% og\u00f3\u0142u grupy docelowej.<\/p>\n\n\n\n<p><\/p>\n\n\n\n<p><strong>W trakcie procesu rekrutacji b\u0119d\u0105 przyznawane dodatkowe punkty za poni\u017csze kryteria (kryteria premiuj\u0105ce):<\/strong><\/p>\n\n\n\n<p>\u2022 osoby, kt\u00f3re utraci\u0142y prac\u0119 w wyniku pandemii COVID-19 \u2013 10 pkt;<br>\u2022 za utworzenie dodatkowego miejsca pracy w okresie 12 miesi\u0119cy od dnia uzyskania przez Uczestnika\/-czki wsparcia finansowego \u2013 10 pkt;<br>\u2022 kobiety \u2013 6 pkt;<br>\u2022 osoby z niepe\u0142nosprawno\u015bciami \u2013 5 pkt;<br>\u2022 osoby d\u0142ugotrwale bezrobotne \u2013 4 pkt;<br>\u2022 osoby w wieku powy\u017cej 50 lat \u2013 3 pkt;<br>\u2022 osoby o niskich kwalifikacjach &#8211; 2 pkt;<\/p>\n\n\n\n<p><\/p>\n\n\n\n<p><br><\/p>\n\n\n\n<p><br><\/p>\n","protected":false},"excerpt":{"rendered":"<p>Projekt pt.: \u201eLubelska strefa przedsi\u0119biorczo\u015bci\u201d, nr projektu: RPLU.09.03.00-06-0043\/21 wsp\u00f3\u0142finansowanyze \u015brodk\u00f3w Europejskiego Funduszu Spo\u0142ecznego, realizowany przez NETRIX GROUP Sp. z o.o. w partnerstwie z Marcin Rokoszewski MARSOFT na podstawie Umowy nr 256\/RPLU.09.03.00-06-0043\/21-00 zawartej z Instytucj\u0105 Zarz\u0105dzaj\u0105c\u0105 w ramach Regionalnego Programu Operacyjnego Wojew\u00f3dztwa Lubelskiego na lata 2014-2020. Cel projektu Celem g\u0142\u00f3wnym projektu jest rozw\u00f3j przedsi\u0119biorczo\u015bci i samozatrudnienia [&hellip;]<\/p>\n","protected":false},"author":1,"featured_media":64,"parent":0,"menu_order":0,"comment_status":"closed","ping_status":"closed","template":"template-home.php","meta":[],"_links":{"self":[{"href":"https:\/\/netrix.com.pl\/lsp\/wp-json\/wp\/v2\/pages\/31"}],"collection":[{"href":"https:\/\/netrix.com.pl\/lsp\/wp-json\/wp\/v2\/pages"}],"about":[{"href":"https:\/\/netrix.com.pl\/lsp\/wp-json\/wp\/v2\/types\/page"}],"author":[{"embeddable":true,"href":"https:\/\/netrix.com.pl\/lsp\/wp-json\/wp\/v2\/users\/1"}],"replies":[{"embeddable":true,"href":"https:\/\/netrix.com.pl\/lsp\/wp-json\/wp\/v2\/comments?post=31"}],"version-history":[{"count":30,"href":"https:\/\/netrix.com.pl\/lsp\/wp-json\/wp\/v2\/pages\/31\/revisions"}],"predecessor-version":[{"id":945,"href":"https:\/\/netrix.com.pl\/lsp\/wp-json\/wp\/v2\/pages\/31\/revisions\/945"}],"wp:featuredmedia":[{"embeddable":true,"href":"https:\/\/netrix.com.pl\/lsp\/wp-json\/wp\/v2\/media\/64"}],"wp:attachment":[{"href":"https:\/\/netrix.com.pl\/lsp\/wp-json\/wp\/v2\/media?parent=31"}],"curies":[{"name":"wp","href":"https:\/\/api.w.org\/{rel}","templated":true}]}}